{"id":2,"date":"2026-01-15T01:09:49","date_gmt":"2026-01-15T01:09:49","guid":{"rendered":"https:\/\/institutouniversitariousem.mx\/\/?page_id=2"},"modified":"2026-01-15T01:09:49","modified_gmt":"2026-01-15T01:09:49","slug":"sample-page","status":"publish","type":"page","link":"https:\/\/institutouniversitariousem.mx\/?page_id=2","title":{"rendered":"Educaci\u00f3n en l\u00ednea"},"content":{"rendered":"\n<p>La educaci\u00f3n en l\u00ednea es una modalidad de aprendizaje que utiliza plataformas digitales para ofrecer clases, recursos y evaluaciones a trav\u00e9s de internet. Permite a los estudiantes acceder a sus estudios desde cualquier lugar y en el momento que mejor se adapte a sus necesidades.<\/p>\n\n\n\n<blockquote class=\"wp-block-quote is-layout-flow wp-block-quote-is-layout-flow\">\n<h3 class=\"wp-block-heading\">\u00bfPor qu\u00e9 elegir la educaci\u00f3n en l\u00ednea?<\/h3>\n\n\n\n<ul class=\"wp-block-list\">\n<li><strong>Flexibilidad de horarios<\/strong><\/li>\n\n\n\n<li><strong>Acceso desde cualquier lugar<\/strong><\/li>\n\n\n\n<li><strong>Uso de tecnolog\u00eda educativa<\/strong><\/li>\n\n\n\n<li><strong>Aprendizaje aut\u00f3nomo y responsable<\/strong><\/li>\n<\/ul>\n<\/blockquote>\n\n\n\n<h3 class=\"wp-block-heading\">Herramientas principales<\/h3>\n\n\n\n<p>Las universidades en l\u00ednea cuentan con aulas virtuales, videoclases, bibliotecas digitales y espacios colaborativos que facilitan la comunicaci\u00f3n y el aprendizaje.<\/p>\n\n\n\n<blockquote class=\"wp-block-quote is-layout-flow wp-block-quote-is-layout-flow\">\n<h3 class=\"wp-block-heading\">Beneficios<\/h3>\n\n\n\n<p>La educaci\u00f3n en l\u00ednea impulsa el desarrollo de habilidades digitales, la organizaci\u00f3n del tiempo y la responsabilidad, preparando a los estudiantes para los retos del mundo actual.<\/p>\n\n\n\n<p><\/p>\n<\/blockquote>\n","protected":false},"excerpt":{"rendered":"<p>La educaci\u00f3n en l\u00ednea es una modalidad de aprendizaje que utiliza plataformas digitales para ofrecer clases, recursos y evaluaciones a trav\u00e9s de internet. Permite a los estudiantes acceder a sus estudios desde cualquier lugar y en el momento que mejor se adapte a sus necesidades. Herramientas principales Las universidades en l\u00ednea cuentan con aulas virtuales, [&hellip;]<\/p>\n","protected":false},"author":1,"featured_media":0,"parent":0,"menu_order":0,"comment_status":"closed","ping_status":"open","template":"","meta":{"footnotes":""},"class_list":["post-2","page","type-page","status-publish","hentry"],"_links":{"self":[{"href":"https:\/\/institutouniversitariousem.mx\/index.php?rest_route=\/wp\/v2\/pages\/2","targetHints":{"allow":["GET"]}}],"collection":[{"href":"https:\/\/institutouniversitariousem.mx\/index.php?rest_route=\/wp\/v2\/pages"}],"about":[{"href":"https:\/\/institutouniversitariousem.mx\/index.php?rest_route=\/wp\/v2\/types\/page"}],"author":[{"embeddable":true,"href":"https:\/\/institutouniversitariousem.mx\/index.php?rest_route=\/wp\/v2\/users\/1"}],"replies":[{"embeddable":true,"href":"https:\/\/institutouniversitariousem.mx\/index.php?rest_route=%2Fwp%2Fv2%2Fcomments&post=2"}],"version-history":[{"count":2,"href":"https:\/\/institutouniversitariousem.mx\/index.php?rest_route=\/wp\/v2\/pages\/2\/revisions"}],"predecessor-version":[{"id":120,"href":"https:\/\/institutouniversitariousem.mx\/index.php?rest_route=\/wp\/v2\/pages\/2\/revisions\/120"}],"wp:attachment":[{"href":"https:\/\/institutouniversitariousem.mx\/index.php?rest_route=%2Fwp%2Fv2%2Fmedia&parent=2"}],"curies":[{"name":"wp","href":"https:\/\/api.w.org\/{rel}","templated":true}]}}